{"id":11,"date":"2025-05-19T15:09:47","date_gmt":"2025-05-19T15:09:47","guid":{"rendered":"https:\/\/icarosantos.com\/?page_id=11"},"modified":"2025-06-07T16:41:14","modified_gmt":"2025-06-07T16:41:14","slug":"inicio","status":"publish","type":"page","link":"https:\/\/icarosantos.com\/en\/","title":{"rendered":"Portfolio"},"content":{"rendered":"<div class=\"wp-block-group alignwide has-background has-global-padding is-layout-constrained wp-container-core-group-is-layout-e95c8a2d wp-block-group-is-layout-constrained\" style=\"border-radius:24px;background:radial-gradient(rgb(179,213,255) 0%,rgba(155,81,224,0) 40%);margin-top:0;margin-bottom:0;padding-top:var(--wp--preset--spacing--30);padding-right:0;padding-bottom:var(--wp--preset--spacing--50);padding-left:0\">\n<div class=\"wp-block-columns alignwide are-vertically-aligned-center is-layout-flex wp-container-core-columns-is-layout-28232c24 wp-block-columns-is-layout-flex\">\n<div class=\"wp-block-column is-vertically-aligned-center has-global-padding is-layout-constrained wp-container-core-column-is-layout-e0082cf6 wp-block-column-is-layout-constrained\" style=\"flex-basis:70%\">\n<h1 class=\"wp-block-heading alignwide has-text-align-left\" style=\"line-height:0.8\">Product<\/h1>\n\n\n\n<h1 class=\"wp-block-heading alignwide has-text-align-left\" style=\"font-size:clamp(80.829px, 5.052rem + ((1vw - 3.2px) * 10.955), 186px);line-height:0.8\">Designer<\/h1>\n<\/div>\n\n\n\n<div class=\"wp-block-column is-vertically-aligned-center is-layout-flow wp-block-column-is-layout-flow\" style=\"flex-basis:30%\">\n<a style=\"display: block;\">\n  <div style=\"width:288px; height:288px; margin: auto; position:relative;\">\n\n    <!-- Imagem central -->\n    <div style=\"position:absolute; top:51%; left:50%; transform:translate(-50%, -50%); z-index:2;\">\n      <img decoding=\"async\" src=\"https:\/\/icarosantos.com\/wp-content\/uploads\/2025\/05\/icr-1-1.png\" alt=\"Logo\" style=\"width:173px; height:auto;\">\n    <\/div>\n\n    <!-- Texto circular animado -->\n    <div style=\"animation: spin 10s linear infinite; width:100%; height:100%;\">\n      <svg viewbox=\"0 0 100 100\" width=\"288\" height=\"288\" style=\"border-radius:240px;\">\n        <defs>\n          <path id=\"circle\" d=\"M50,50 m-35,0 a35,35 0 1,1 70,0 a35,35 0 1,1 -70,0\"\/>\n        <\/defs>\n        <text font-size=\"6\" font-family=\"Manrope, sans-serif\" style=\"letter-spacing:2.9px;\" fill=\"#1a1a1a\">\n          <textpath xlink:href=\"#circle\">\n            Product Designer S\u00eanior \u2022 Icaro Leite \u2022 \n          <\/textpath>\n        <\/text>\n      <\/svg>\n    <\/div>\n\n    <style>\n      @keyframes spin {\n        100% { transform: rotate(-360deg); } \/* Inverte a dire\u00e7\u00e3o para girar \u00e0 esquerda *\/\n      }\n      div[style*=\"animation: spin\"] {\n        transform-origin: center center;\n      }\n    <\/style>\n  <\/div>\n<\/a>\n<\/div>\n<\/div>\n\n\n\n<div class=\"wp-block-columns alignwide is-layout-flex wp-container-core-columns-is-layout-28f84493 wp-block-columns-is-layout-flex\">\n<div class=\"wp-block-column is-layout-flow wp-block-column-is-layout-flow\">\n<p>Hi, I'm a senior product designer with over 5 years of experience and I focus on interfaces, user experience, performance and results.<\/p>\n<\/div>\n\n\n\n<div class=\"wp-block-column is-layout-flow wp-block-column-is-layout-flow\"><\/div>\n<\/div>\n<\/div>\n\n\n\n<div class=\"wp-block-columns alignwide is-layout-flex wp-container-core-columns-is-layout-28f84493 wp-block-columns-is-layout-flex\">\n<div class=\"wp-block-column has-background-background-color has-background is-layout-flow wp-container-core-column-is-layout-470e7e12 wp-block-column-is-layout-flow\" style=\"border-radius:20px;padding-top:0;padding-right:0;padding-bottom:0;padding-left:0\">\n<figure class=\"wp-block-image size-full has-custom-border\"><a href=\"https:\/\/icarosantos.com\/en\/breeze-ds\/\"><img loading=\"lazy\" decoding=\"async\" width=\"1000\" height=\"720\" src=\"https:\/\/icarosantos.com\/wp-content\/uploads\/2025\/05\/Breeze-1-1.png\" alt=\"\" class=\"wp-image-187\" style=\"border-style:none;border-width:0px;border-radius:20px\" srcset=\"https:\/\/icarosantos.com\/wp-content\/uploads\/2025\/05\/Breeze-1-1.png 1000w, https:\/\/icarosantos.com\/wp-content\/uploads\/2025\/05\/Breeze-1-1-300x216.png 300w, https:\/\/icarosantos.com\/wp-content\/uploads\/2025\/05\/Breeze-1-1-768x553.png 768w\" sizes=\"auto, (max-width: 1000px) 100vw, 1000px\" \/><\/a><\/figure>\n\n\n\n<div class=\"wp-block-group is-vertical is-layout-flex wp-container-core-group-is-layout-7cb73c21 wp-block-group-is-layout-flex\" style=\"border-radius:20px;padding-top:var(--wp--preset--spacing--30);padding-right:var(--wp--preset--spacing--30);padding-bottom:var(--wp--preset--spacing--30);padding-left:var(--wp--preset--spacing--30)\">\n<p>Design System<\/p>\n\n\n\n<h3 class=\"wp-block-heading\">Breeze<\/h3>\n<\/div>\n<\/div>\n\n\n\n<div class=\"wp-block-column has-background-background-color has-background is-layout-flow wp-container-core-column-is-layout-470e7e12 wp-block-column-is-layout-flow\" style=\"border-radius:20px;padding-top:0;padding-right:0;padding-bottom:0;padding-left:0\">\n<figure class=\"wp-block-image size-full has-custom-border\"><a href=\"https:\/\/icarosantos.com\/en\/engeea\/\"><img loading=\"lazy\" decoding=\"async\" width=\"1000\" height=\"720\" src=\"https:\/\/icarosantos.com\/wp-content\/uploads\/2025\/05\/engeea.png\" alt=\"\" class=\"wp-image-188\" style=\"border-style:none;border-width:0px;border-radius:20px\" srcset=\"https:\/\/icarosantos.com\/wp-content\/uploads\/2025\/05\/engeea.png 1000w, https:\/\/icarosantos.com\/wp-content\/uploads\/2025\/05\/engeea-300x216.png 300w, https:\/\/icarosantos.com\/wp-content\/uploads\/2025\/05\/engeea-768x553.png 768w\" sizes=\"auto, (max-width: 1000px) 100vw, 1000px\" \/><\/a><\/figure>\n\n\n\n<div class=\"wp-block-group is-vertical is-layout-flex wp-container-core-group-is-layout-7cb73c21 wp-block-group-is-layout-flex\" style=\"border-radius:20px;padding-top:var(--wp--preset--spacing--30);padding-right:var(--wp--preset--spacing--30);padding-bottom:var(--wp--preset--spacing--30);padding-left:var(--wp--preset--spacing--30)\">\n<p>Web Design<\/p>\n\n\n\n<h3 class=\"wp-block-heading\">Engeea<\/h3>\n<\/div>\n<\/div>\n<\/div>\n\n\n\n<div class=\"wp-block-columns alignwide is-layout-flex wp-container-core-columns-is-layout-28f84493 wp-block-columns-is-layout-flex\">\n<div class=\"wp-block-column has-background-background-color has-background is-layout-flow wp-container-core-column-is-layout-470e7e12 wp-block-column-is-layout-flow\" style=\"border-radius:20px;padding-top:0;padding-right:0;padding-bottom:0;padding-left:0\">\n<figure class=\"wp-block-image size-full has-custom-border\"><a href=\"https:\/\/icarosantos.com\/en\/starlings\/\"><img loading=\"lazy\" decoding=\"async\" width=\"1000\" height=\"720\" src=\"https:\/\/icarosantos.com\/wp-content\/uploads\/2025\/06\/Starlings.png\" alt=\"\" class=\"wp-image-282\" style=\"border-style:none;border-width:0px;border-radius:20px\" srcset=\"https:\/\/icarosantos.com\/wp-content\/uploads\/2025\/06\/Starlings.png 1000w, https:\/\/icarosantos.com\/wp-content\/uploads\/2025\/06\/Starlings-300x216.png 300w, https:\/\/icarosantos.com\/wp-content\/uploads\/2025\/06\/Starlings-768x553.png 768w\" sizes=\"auto, (max-width: 1000px) 100vw, 1000px\" \/><\/a><\/figure>\n\n\n\n<div class=\"wp-block-group is-vertical is-layout-flex wp-container-core-group-is-layout-7cb73c21 wp-block-group-is-layout-flex\" style=\"border-radius:20px;padding-top:var(--wp--preset--spacing--30);padding-right:var(--wp--preset--spacing--30);padding-bottom:var(--wp--preset--spacing--30);padding-left:var(--wp--preset--spacing--30)\">\n<p>Product Design<\/p>\n\n\n\n<h3 class=\"wp-block-heading\">Starlings<\/h3>\n<\/div>\n<\/div>\n\n\n\n<div class=\"wp-block-column has-background-background-color has-background is-layout-flow wp-container-core-column-is-layout-470e7e12 wp-block-column-is-layout-flow\" style=\"border-radius:20px;padding-top:0;padding-right:0;padding-bottom:0;padding-left:0\">\n<figure class=\"wp-block-image size-full has-custom-border\"><a href=\"https:\/\/icarosantos.com\/en\/interocket\/\"><img loading=\"lazy\" decoding=\"async\" width=\"1000\" height=\"720\" src=\"https:\/\/icarosantos.com\/wp-content\/uploads\/2025\/06\/Interocket.png\" alt=\"\" class=\"wp-image-285\" style=\"border-style:none;border-width:0px;border-radius:20px\" srcset=\"https:\/\/icarosantos.com\/wp-content\/uploads\/2025\/06\/Interocket.png 1000w, https:\/\/icarosantos.com\/wp-content\/uploads\/2025\/06\/Interocket-300x216.png 300w, https:\/\/icarosantos.com\/wp-content\/uploads\/2025\/06\/Interocket-768x553.png 768w\" sizes=\"auto, (max-width: 1000px) 100vw, 1000px\" \/><\/a><\/figure>\n\n\n\n<div class=\"wp-block-group is-vertical is-layout-flex wp-container-core-group-is-layout-7cb73c21 wp-block-group-is-layout-flex\" style=\"border-radius:20px;padding-top:var(--wp--preset--spacing--30);padding-right:var(--wp--preset--spacing--30);padding-bottom:var(--wp--preset--spacing--30);padding-left:var(--wp--preset--spacing--30)\">\n<p>Product Design<\/p>\n\n\n\n<h3 class=\"wp-block-heading\">Interocket<\/h3>\n<\/div>\n<\/div>\n<\/div>\n\n\n\n<div class=\"wp-block-columns alignwide is-layout-flex wp-container-core-columns-is-layout-28f84493 wp-block-columns-is-layout-flex\">\n<div class=\"wp-block-column has-background-background-color has-background is-layout-flow wp-container-core-column-is-layout-470e7e12 wp-block-column-is-layout-flow\" style=\"border-radius:20px;padding-top:0;padding-right:0;padding-bottom:0;padding-left:0\">\n<figure class=\"wp-block-image size-full has-custom-border\"><a href=\"https:\/\/icarosantos.com\/en\/comgas\/\"><img loading=\"lazy\" decoding=\"async\" width=\"1000\" height=\"720\" src=\"https:\/\/icarosantos.com\/wp-content\/uploads\/2025\/06\/Comgas.png\" alt=\"\" class=\"wp-image-302\" style=\"border-style:none;border-width:0px;border-radius:20px\" srcset=\"https:\/\/icarosantos.com\/wp-content\/uploads\/2025\/06\/Comgas.png 1000w, https:\/\/icarosantos.com\/wp-content\/uploads\/2025\/06\/Comgas-300x216.png 300w, https:\/\/icarosantos.com\/wp-content\/uploads\/2025\/06\/Comgas-768x553.png 768w\" sizes=\"auto, (max-width: 1000px) 100vw, 1000px\" \/><\/a><\/figure>\n\n\n\n<div class=\"wp-block-group is-vertical is-layout-flex wp-container-core-group-is-layout-7cb73c21 wp-block-group-is-layout-flex\" style=\"border-radius:20px;padding-top:var(--wp--preset--spacing--30);padding-right:var(--wp--preset--spacing--30);padding-bottom:var(--wp--preset--spacing--30);padding-left:var(--wp--preset--spacing--30)\">\n<p>Product Design<\/p>\n\n\n\n<h3 class=\"wp-block-heading\">Comg\u00e1s<\/h3>\n<\/div>\n<\/div>\n\n\n\n<div class=\"wp-block-column has-background-background-color has-background is-layout-flow wp-container-core-column-is-layout-470e7e12 wp-block-column-is-layout-flow\" style=\"border-radius:20px;padding-top:0;padding-right:0;padding-bottom:0;padding-left:0\">\n<figure class=\"wp-block-image size-full has-custom-border\"><a href=\"https:\/\/icarosantos.com\/en\/miraculous-paris-under-siege\/\"><img loading=\"lazy\" decoding=\"async\" width=\"1000\" height=\"720\" src=\"https:\/\/icarosantos.com\/wp-content\/uploads\/2025\/06\/PUS-1.png\" alt=\"\" class=\"wp-image-303\" style=\"border-style:none;border-width:0px;border-radius:20px\" srcset=\"https:\/\/icarosantos.com\/wp-content\/uploads\/2025\/06\/PUS-1.png 1000w, https:\/\/icarosantos.com\/wp-content\/uploads\/2025\/06\/PUS-1-300x216.png 300w, https:\/\/icarosantos.com\/wp-content\/uploads\/2025\/06\/PUS-1-768x553.png 768w\" sizes=\"auto, (max-width: 1000px) 100vw, 1000px\" \/><\/a><\/figure>\n\n\n\n<div class=\"wp-block-group is-vertical is-layout-flex wp-container-core-group-is-layout-7cb73c21 wp-block-group-is-layout-flex\" style=\"border-radius:20px;padding-top:var(--wp--preset--spacing--30);padding-right:var(--wp--preset--spacing--30);padding-bottom:var(--wp--preset--spacing--30);padding-left:var(--wp--preset--spacing--30)\">\n<p>Game UI Design<\/p>\n\n\n\n<h3 class=\"wp-block-heading\">Paris Under Siege<\/h3>\n<\/div>\n<\/div>\n<\/div>\n\n\n\n<div class=\"wp-block-group alignwide has-global-padding is-layout-constrained wp-block-group-is-layout-constrained\" style=\"padding-top:var(--wp--preset--spacing--60);padding-bottom:var(--wp--preset--spacing--60)\">\n<h2 class=\"wp-block-heading alignwide has-text-align-center\">Thanks for visiting!<\/h2>\n<\/div>","protected":false},"excerpt":{"rendered":"<p>Product Designer Product Designer S\u00eanior \u2022 Icaro Leite \u2022 Oi, sou um product designer s\u00eanior com mais de 5 anos de experi\u00eancia e tenho foco em interfaces, experi\u00eancia de usu\u00e1rios, performance e resultados. Design System Breeze Web Design Engeea Product Design Starlings Product Design Interocket Product Design Comg\u00e1s Game UI Design Paris Under Siege Obrigado [&hellip;]<\/p>","protected":false},"author":1,"featured_media":0,"parent":0,"menu_order":0,"comment_status":"closed","ping_status":"closed","template":"","meta":{"footnotes":""},"class_list":["post-11","page","type-page","status-publish","hentry"],"_links":{"self":[{"href":"https:\/\/icarosantos.com\/en\/wp-json\/wp\/v2\/pages\/11","targetHints":{"allow":["GET"]}}],"collection":[{"href":"https:\/\/icarosantos.com\/en\/wp-json\/wp\/v2\/pages"}],"about":[{"href":"https:\/\/icarosantos.com\/en\/wp-json\/wp\/v2\/types\/page"}],"author":[{"embeddable":true,"href":"https:\/\/icarosantos.com\/en\/wp-json\/wp\/v2\/users\/1"}],"replies":[{"embeddable":true,"href":"https:\/\/icarosantos.com\/en\/wp-json\/wp\/v2\/comments?post=11"}],"version-history":[{"count":113,"href":"https:\/\/icarosantos.com\/en\/wp-json\/wp\/v2\/pages\/11\/revisions"}],"predecessor-version":[{"id":372,"href":"https:\/\/icarosantos.com\/en\/wp-json\/wp\/v2\/pages\/11\/revisions\/372"}],"wp:attachment":[{"href":"https:\/\/icarosantos.com\/en\/wp-json\/wp\/v2\/media?parent=11"}],"curies":[{"name":"wp","href":"https:\/\/api.w.org\/{rel}","templated":true}]}}