{"id":254,"date":"2025-06-03T17:06:49","date_gmt":"2025-06-03T17:06:49","guid":{"rendered":"https:\/\/icarosantos.com\/?page_id=254"},"modified":"2025-06-10T14:02:35","modified_gmt":"2025-06-10T14:02:35","slug":"comgas","status":"publish","type":"page","link":"https:\/\/icarosantos.com\/en\/comgas\/","title":{"rendered":"Comg\u00e1s"},"content":{"rendered":"<div class=\"wp-block-group alignfull has-background-color has-foreground-background-color has-text-color has-background has-link-color wp-elements-53fdf74f0d1acd7c39cd322b62daec2a has-global-padding is-content-justification-center is-layout-constrained wp-block-group-is-layout-constrained\" style=\"margin-top:0;margin-bottom:0;padding-top:var(--wp--preset--spacing--60);padding-bottom:var(--wp--preset--spacing--60)\">\n<div class=\"wp-block-group alignwide is-layout-flow wp-block-group-is-layout-flow\">\n<div class=\"wp-block-columns is-layout-flex wp-container-core-columns-is-layout-28f84493 wp-block-columns-is-layout-flex\">\n<div class=\"wp-block-column is-layout-flow wp-block-column-is-layout-flow\" style=\"flex-basis:66.66%\">\n<p style=\"font-size:12px\"><strong>Comg\u00e1s <\/strong>\u2022 Product Design<\/p>\n\n\n\n<h3 class=\"wp-block-heading\">We democratize access to the services offered by the company, allowing current users or potential customers to browse and contract services in a simple and efficient way.<\/h3>\n\n\n\n<p>Comg\u00e1s, controlled by Compass G\u00e1s e Energia, is a privately held company with a concession to distribute natural gas in the state of S\u00e3o Paulo until 2049.<\/p>\n\n\n\n<p>The focus of this project was to create a fluid and intuitive experience, simulating processes similar to online shopping, where customers choose the desired installations and specify the application locations.<\/p>\n<\/div>\n\n\n\n<div class=\"wp-block-column is-layout-flow wp-block-column-is-layout-flow\" style=\"flex-basis:33.33%\"><\/div>\n<\/div>\n\n\n\n<figure class=\"wp-block-image size-full has-custom-border\"><img loading=\"lazy\" decoding=\"async\" width=\"1366\" height=\"768\" src=\"https:\/\/icarosantos.com\/wp-content\/uploads\/2025\/06\/startpage.jpg\" alt=\"\" class=\"wp-image-373\" style=\"border-radius:20px\" srcset=\"https:\/\/icarosantos.com\/wp-content\/uploads\/2025\/06\/startpage.jpg 1366w, https:\/\/icarosantos.com\/wp-content\/uploads\/2025\/06\/startpage-300x169.jpg 300w, https:\/\/icarosantos.com\/wp-content\/uploads\/2025\/06\/startpage-1024x576.jpg 1024w, https:\/\/icarosantos.com\/wp-content\/uploads\/2025\/06\/startpage-768x432.jpg 768w\" sizes=\"auto, (max-width: 1366px) 100vw, 1366px\" \/><\/figure>\n<\/div>\n<\/div>\n\n\n\n<div class=\"wp-block-group alignfull has-global-padding is-layout-constrained wp-container-core-group-is-layout-1dd4d0c6 wp-block-group-is-layout-constrained\" style=\"padding-top:var(--wp--preset--spacing--40);padding-bottom:var(--wp--preset--spacing--40)\">\n<div class=\"wp-block-columns alignwide is-layout-flex wp-container-core-columns-is-layout-28f84493 wp-block-columns-is-layout-flex\">\n<div class=\"wp-block-column is-layout-flow wp-block-column-is-layout-flow\" style=\"flex-basis:66.66%\">\n<h3 class=\"wp-block-heading alignwide\">Easier request for Comg\u00e1s services<\/h3>\n<\/div>\n\n\n\n<div class=\"wp-block-column is-layout-flow wp-block-column-is-layout-flow\" style=\"flex-basis:33.33%\"><\/div>\n<\/div>\n\n\n\n<div class=\"wp-block-columns alignwide is-layout-flex wp-container-core-columns-is-layout-28f84493 wp-block-columns-is-layout-flex\">\n<div class=\"wp-block-column has-background-background-color has-background is-layout-flow wp-block-column-is-layout-flow\" style=\"border-radius:20px;padding-top:var(--wp--preset--spacing--30);padding-right:var(--wp--preset--spacing--30);padding-bottom:var(--wp--preset--spacing--30);padding-left:var(--wp--preset--spacing--30)\">\n<h4 class=\"wp-block-heading\">Initial problems<\/h4>\n\n\n\n<p>Difficulty for users to navigate through the large number of services offered and frequent incompatibility with registered addresses.<\/p>\n<\/div>\n\n\n\n<div class=\"wp-block-column has-background-background-color has-background is-layout-flow wp-block-column-is-layout-flow\" style=\"border-radius:20px;padding-top:var(--wp--preset--spacing--30);padding-right:var(--wp--preset--spacing--30);padding-bottom:var(--wp--preset--spacing--30);padding-left:var(--wp--preset--spacing--30)\">\n<h4 class=\"wp-block-heading\">Results<\/h4>\n\n\n\n<p>We redefined the tone of communication, aligned with a new language matrix, continuous integration with product and back-end teams to solve structural problems, and created simple and transparent flows, optimizing navigation and increasing customer conversion.<\/p>\n<\/div>\n<\/div>\n\n\n\n<figure class=\"wp-block-image alignwide size-full has-custom-border\"><img loading=\"lazy\" decoding=\"async\" width=\"1366\" height=\"2227\" src=\"https:\/\/icarosantos.com\/wp-content\/uploads\/2025\/06\/0f0ca1b9-9d72-4421-aa60-3ee0b9de7a75.png\" alt=\"\" class=\"wp-image-309\" style=\"border-radius:20px\" srcset=\"https:\/\/icarosantos.com\/wp-content\/uploads\/2025\/06\/0f0ca1b9-9d72-4421-aa60-3ee0b9de7a75.png 1366w, https:\/\/icarosantos.com\/wp-content\/uploads\/2025\/06\/0f0ca1b9-9d72-4421-aa60-3ee0b9de7a75-184x300.png 184w, https:\/\/icarosantos.com\/wp-content\/uploads\/2025\/06\/0f0ca1b9-9d72-4421-aa60-3ee0b9de7a75-628x1024.png 628w, https:\/\/icarosantos.com\/wp-content\/uploads\/2025\/06\/0f0ca1b9-9d72-4421-aa60-3ee0b9de7a75-768x1252.png 768w\" sizes=\"auto, (max-width: 1366px) 100vw, 1366px\" \/><\/figure>\n\n\n\n<figure class=\"wp-block-gallery alignwide has-nested-images columns-default is-cropped wp-block-gallery-1 is-layout-flex wp-block-gallery-is-layout-flex\">\n<figure class=\"wp-block-image size-full has-custom-border\"><img loading=\"lazy\" decoding=\"async\" width=\"360\" height=\"800\" data-id=\"305\" src=\"https:\/\/icarosantos.com\/wp-content\/uploads\/2025\/06\/2a126609-b7ba-4611-9a13-b571a639a298_rw_600.png\" alt=\"\" class=\"wp-image-305\" style=\"border-radius:20px\" srcset=\"https:\/\/icarosantos.com\/wp-content\/uploads\/2025\/06\/2a126609-b7ba-4611-9a13-b571a639a298_rw_600.png 360w, https:\/\/icarosantos.com\/wp-content\/uploads\/2025\/06\/2a126609-b7ba-4611-9a13-b571a639a298_rw_600-135x300.png 135w\" sizes=\"auto, (max-width: 360px) 100vw, 360px\" \/><\/figure>\n\n\n\n<figure class=\"wp-block-image size-full has-custom-border\"><img loading=\"lazy\" decoding=\"async\" width=\"360\" height=\"800\" data-id=\"306\" src=\"https:\/\/icarosantos.com\/wp-content\/uploads\/2025\/06\/a63ccd6e-313a-4917-8882-61a1ea1ca42a_rw_600.png\" alt=\"\" class=\"wp-image-306\" style=\"border-radius:20px\" srcset=\"https:\/\/icarosantos.com\/wp-content\/uploads\/2025\/06\/a63ccd6e-313a-4917-8882-61a1ea1ca42a_rw_600.png 360w, https:\/\/icarosantos.com\/wp-content\/uploads\/2025\/06\/a63ccd6e-313a-4917-8882-61a1ea1ca42a_rw_600-135x300.png 135w\" sizes=\"auto, (max-width: 360px) 100vw, 360px\" \/><\/figure>\n\n\n\n<figure class=\"wp-block-image size-full has-custom-border\"><img loading=\"lazy\" decoding=\"async\" width=\"360\" height=\"800\" data-id=\"307\" src=\"https:\/\/icarosantos.com\/wp-content\/uploads\/2025\/06\/c86a7059-45f6-411a-8afe-45f8d6e4df11_rw_600.png\" alt=\"\" class=\"wp-image-307\" style=\"border-radius:20px\" srcset=\"https:\/\/icarosantos.com\/wp-content\/uploads\/2025\/06\/c86a7059-45f6-411a-8afe-45f8d6e4df11_rw_600.png 360w, https:\/\/icarosantos.com\/wp-content\/uploads\/2025\/06\/c86a7059-45f6-411a-8afe-45f8d6e4df11_rw_600-135x300.png 135w\" sizes=\"auto, (max-width: 360px) 100vw, 360px\" \/><\/figure>\n<\/figure>\n<\/div>\n\n\n\n<div class=\"wp-block-group alignfull has-global-padding is-layout-constrained wp-block-group-is-layout-constrained\" style=\"padding-top:var(--wp--preset--spacing--40);padding-bottom:var(--wp--preset--spacing--40)\">\n<div class=\"wp-block-columns alignwide are-vertically-aligned-center is-layout-flex wp-container-core-columns-is-layout-28f84493 wp-block-columns-is-layout-flex\">\n<div class=\"wp-block-column is-vertically-aligned-center is-layout-flow wp-block-column-is-layout-flow\">\n<h3 class=\"wp-block-heading\"><strong>A milestone in Comg\u00e1s' digital transformation<\/strong><\/h3>\n\n\n\n<p>This project consolidated a new phase in Comg\u00e1s' digital experience, replacing the old QSC (I Want to Be a Customer) environment with a more intuitive, accessible platform aligned with the best market practices.<\/p>\n\n\n\n<p>The structure was carefully grounded in the company\u2019s brand book, ensuring visual and technical consistency through design tokens and rigorous accessibility standards. The most relevant interactions were validated in usability testing, while behavioral analysis with Hotjar allowed strategic adjustments after the beta launch.<\/p>\n\n\n\n<p class=\"translation-block\">Implemented by D3 Company, now Igma, the project not only simplified the service contracting process, but also positioned Comg\u00e1s as a reference in innovation and user experience in the energy sector.<\/p>\n<\/div>\n\n\n\n<div class=\"wp-block-column is-vertically-aligned-center is-layout-flow wp-block-column-is-layout-flow\">\n<figure class=\"wp-block-image size-full has-custom-border\"><img loading=\"lazy\" decoding=\"async\" width=\"1200\" height=\"1200\" src=\"https:\/\/icarosantos.com\/wp-content\/uploads\/2025\/06\/imgcomgas-1.png\" alt=\"\" class=\"wp-image-310\" style=\"border-radius:20px\" srcset=\"https:\/\/icarosantos.com\/wp-content\/uploads\/2025\/06\/imgcomgas-1.png 1200w, https:\/\/icarosantos.com\/wp-content\/uploads\/2025\/06\/imgcomgas-1-300x300.png 300w, https:\/\/icarosantos.com\/wp-content\/uploads\/2025\/06\/imgcomgas-1-1024x1024.png 1024w, https:\/\/icarosantos.com\/wp-content\/uploads\/2025\/06\/imgcomgas-1-150x150.png 150w, https:\/\/icarosantos.com\/wp-content\/uploads\/2025\/06\/imgcomgas-1-768x768.png 768w\" sizes=\"auto, (max-width: 1200px) 100vw, 1200px\" \/><\/figure>\n<\/div>\n<\/div>\n<\/div>\n\n\n\n<div class=\"wp-block-group alignwide has-global-padding is-content-justification-right is-layout-constrained wp-container-core-group-is-layout-f1f2ed93 wp-block-group-is-layout-constrained\"><\/div>","protected":false},"excerpt":{"rendered":"<p>Comg\u00e1s \u2022 Product Design Democratizamos o acesso aos servi\u00e7os oferecidos pela empresa, permitindo que os usu\u00e1rios atuais ou potenciais clientes possam navegar e contratar servi\u00e7os de forma simples e eficiente. A Comg\u00e1s, controlada pela Compass G\u00e1s e Energia, \u00e9 uma empresa de capital privado com concess\u00e3o para distribui\u00e7\u00e3o de g\u00e1s natural no estado de S\u00e3o [&hellip;]<\/p>","protected":false},"author":1,"featured_media":0,"parent":0,"menu_order":6,"comment_status":"closed","ping_status":"closed","template":"","meta":{"footnotes":""},"class_list":["post-254","page","type-page","status-publish","hentry"],"_links":{"self":[{"href":"https:\/\/icarosantos.com\/en\/wp-json\/wp\/v2\/pages\/254","targetHints":{"allow":["GET"]}}],"collection":[{"href":"https:\/\/icarosantos.com\/en\/wp-json\/wp\/v2\/pages"}],"about":[{"href":"https:\/\/icarosantos.com\/en\/wp-json\/wp\/v2\/types\/page"}],"author":[{"embeddable":true,"href":"https:\/\/icarosantos.com\/en\/wp-json\/wp\/v2\/users\/1"}],"replies":[{"embeddable":true,"href":"https:\/\/icarosantos.com\/en\/wp-json\/wp\/v2\/comments?post=254"}],"version-history":[{"count":5,"href":"https:\/\/icarosantos.com\/en\/wp-json\/wp\/v2\/pages\/254\/revisions"}],"predecessor-version":[{"id":375,"href":"https:\/\/icarosantos.com\/en\/wp-json\/wp\/v2\/pages\/254\/revisions\/375"}],"wp:attachment":[{"href":"https:\/\/icarosantos.com\/en\/wp-json\/wp\/v2\/media?parent=254"}],"curies":[{"name":"wp","href":"https:\/\/api.w.org\/{rel}","templated":true}]}}