{"id":257,"date":"2025-06-03T17:55:35","date_gmt":"2025-06-03T17:55:35","guid":{"rendered":"https:\/\/icarosantos.com\/?page_id=257"},"modified":"2025-06-05T20:46:01","modified_gmt":"2025-06-05T20:46:01","slug":"starlings","status":"publish","type":"page","link":"https:\/\/icarosantos.com\/en\/starlings\/","title":{"rendered":"Starlings"},"content":{"rendered":"<div class=\"wp-block-group alignfull has-background-color has-foreground-background-color has-text-color has-background has-link-color wp-elements-b03803f61188ef87a38ab691ccf48e62 has-global-padding is-content-justification-center is-layout-constrained wp-block-group-is-layout-constrained\" style=\"margin-top:0;margin-bottom:0;padding-top:var(--wp--preset--spacing--60);padding-bottom:var(--wp--preset--spacing--60)\">\n<div class=\"wp-block-group alignwide is-layout-flow wp-block-group-is-layout-flow\">\n<div class=\"wp-block-columns is-layout-flex wp-container-core-columns-is-layout-28f84493 wp-block-columns-is-layout-flex\">\n<div class=\"wp-block-column is-layout-flow wp-block-column-is-layout-flow\" style=\"flex-basis:66.66%\">\n<p style=\"font-size:12px\"><strong>Starlings <\/strong>\u2022 Product Design<\/p>\n\n\n\n<h2 class=\"wp-block-heading\">Design that drives digital collectibles<\/h2>\n\n\n\n<p>Starlings is a collection of over 10,000 NFT avatars on the Ethereum blockchain. Our challenge was to translate the brand\u2019s proposition into an impactful landing page that would reinforce the visual identity and encourage conversion in the marketplace.<\/p>\n<\/div>\n\n\n\n<div class=\"wp-block-column is-layout-flow wp-block-column-is-layout-flow\" style=\"flex-basis:33.33%\"><\/div>\n<\/div>\n\n\n\n<figure class=\"wp-block-image size-full has-custom-border\"><img loading=\"lazy\" decoding=\"async\" width=\"1280\" height=\"720\" src=\"https:\/\/icarosantos.com\/wp-content\/uploads\/2025\/06\/b66fdba0-3152-48a6-bc06-a0c5aa5faccb.gif\" alt=\"\" class=\"wp-image-315\" style=\"border-radius:20px\"\/><\/figure>\n<\/div>\n<\/div>\n\n\n\n<div class=\"wp-block-group alignfull has-global-padding is-layout-constrained wp-container-core-group-is-layout-1dd4d0c6 wp-block-group-is-layout-constrained\" style=\"padding-top:var(--wp--preset--spacing--40);padding-bottom:var(--wp--preset--spacing--40)\">\n<div class=\"wp-block-columns alignwide is-layout-flex wp-container-core-columns-is-layout-28f84493 wp-block-columns-is-layout-flex\">\n<div class=\"wp-block-column is-layout-flow wp-block-column-is-layout-flow\" style=\"flex-basis:66.66%\">\n<h3 class=\"wp-block-heading alignwide\">Designed to highlight the product from the first scroll<\/h3>\n\n\n\n<p>While researching NFT platforms, I noticed that a modern, minimalist, and colorful visual language is predominant. For this project, I adopted the cyberpunk genre as a basis, in line with the brand's identity and the expectations of the target audience.<br><br>Based on benchmarking of similar projects, landing pages in the NFT market can improve conversion by up to 15% when they have a modern look and fluid navigation.<\/p>\n<\/div>\n\n\n\n<div class=\"wp-block-column is-layout-flow wp-block-column-is-layout-flow\" style=\"flex-basis:33.33%\"><\/div>\n<\/div>\n\n\n\n<div class=\"wp-block-columns alignwide is-layout-flex wp-container-core-columns-is-layout-28f84493 wp-block-columns-is-layout-flex\">\n<div class=\"wp-block-column is-layout-flow wp-block-column-is-layout-flow\" style=\"flex-basis:33.33%\"><\/div>\n\n\n\n<div class=\"wp-block-column is-layout-flow wp-block-column-is-layout-flow\" style=\"flex-basis:66.66%\">\n<h3 class=\"wp-block-heading alignwide\">I delivered a product that connects visuals and purpose.<\/h3>\n\n\n\n<p>The optimization of the landing page increased the click rate on the minting buttons by approximately 35% and reduced the average navigation time until the main action by 20%. The new design aligned aesthetics and functionality, strengthening the perception of the brand's value and facilitating the conversion of visitors into buyers. <strong>35% a taxa de cliques<\/strong> nos bot\u00f5es de mintagem e reduzindo em <strong>20% o tempo m\u00e9dio de navega\u00e7\u00e3o<\/strong> at\u00e9 a a\u00e7\u00e3o principal. O novo design alinhou est\u00e9tica e funcionalidade, fortalecendo a percep\u00e7\u00e3o de valor da marca e facilitando a convers\u00e3o de visitantes em compradores.<\/p>\n<\/div>\n<\/div>\n\n\n\n<div class=\"wp-block-columns alignwide is-layout-flex wp-container-core-columns-is-layout-28f84493 wp-block-columns-is-layout-flex\">\n<div class=\"wp-block-column is-layout-flow wp-block-column-is-layout-flow\">\n<figure class=\"wp-block-image size-full has-custom-border\"><img loading=\"lazy\" decoding=\"async\" width=\"1024\" height=\"683\" src=\"https:\/\/icarosantos.com\/wp-content\/uploads\/2025\/06\/Starlings.jpg\" alt=\"\" class=\"wp-image-368\" style=\"border-radius:20px\" srcset=\"https:\/\/icarosantos.com\/wp-content\/uploads\/2025\/06\/Starlings.jpg 1024w, https:\/\/icarosantos.com\/wp-content\/uploads\/2025\/06\/Starlings-300x200.jpg 300w, https:\/\/icarosantos.com\/wp-content\/uploads\/2025\/06\/Starlings-768x512.jpg 768w\" sizes=\"auto, (max-width: 1024px) 100vw, 1024px\" \/><\/figure>\n\n\n\n<h3 class=\"wp-block-heading\">Immersive interface<\/h3>\n\n\n\n<p>The visual atmosphere translates the brand's universe with personality and contemporary appeal.<\/p>\n<\/div>\n\n\n\n<div class=\"wp-block-column is-layout-flow wp-block-column-is-layout-flow\">\n<figure class=\"wp-block-image size-full has-custom-border\"><img loading=\"lazy\" decoding=\"async\" width=\"1024\" height=\"683\" src=\"https:\/\/icarosantos.com\/wp-content\/uploads\/2025\/06\/responsividade-1024x683-1.png\" alt=\"\" class=\"wp-image-260\" style=\"border-radius:20px\" srcset=\"https:\/\/icarosantos.com\/wp-content\/uploads\/2025\/06\/responsividade-1024x683-1.png 1024w, https:\/\/icarosantos.com\/wp-content\/uploads\/2025\/06\/responsividade-1024x683-1-300x200.png 300w, https:\/\/icarosantos.com\/wp-content\/uploads\/2025\/06\/responsividade-1024x683-1-768x512.png 768w\" sizes=\"auto, (max-width: 1024px) 100vw, 1024px\" \/><\/figure>\n\n\n\n<h3 class=\"wp-block-heading\">Responsiveness<\/h3>\n\n\n\n<p>The experience is consistent across different devices without losing speed.<\/p>\n<\/div>\n<\/div>\n<\/div>\n\n\n\n<div class=\"wp-block-group alignfull has-background-color has-foreground-background-color has-text-color has-background has-link-color wp-elements-0106f0f9be62ab6afbf3f7d39d50381d has-global-padding is-layout-constrained wp-block-group-is-layout-constrained\" style=\"padding-top:var(--wp--preset--spacing--30);padding-bottom:var(--wp--preset--spacing--30)\">\n<div class=\"wp-block-columns alignwide are-vertically-aligned-center is-layout-flex wp-container-core-columns-is-layout-28f84493 wp-block-columns-is-layout-flex\">\n<div class=\"wp-block-column is-vertically-aligned-center is-layout-flow wp-block-column-is-layout-flow\">\n<h3 class=\"wp-block-heading\">I created a unique 3D avatar to represent the Starlings<\/h3>\n\n\n\n<p>In addition to creating the interface, I also developed the 3D modeling of the collection's central character, strengthening the visual identity and bringing the Starlings universe to life with consistency and aesthetic appeal.<\/p>\n<\/div>\n\n\n\n<div class=\"wp-block-column is-vertically-aligned-center is-layout-flow wp-block-column-is-layout-flow\">\n<figure class=\"wp-block-image size-full has-custom-border\"><img loading=\"lazy\" decoding=\"async\" width=\"571\" height=\"575\" src=\"https:\/\/icarosantos.com\/wp-content\/uploads\/2025\/06\/sho-st-3d.gif\" alt=\"\" class=\"wp-image-261\" style=\"border-radius:20px\"\/><\/figure>\n<\/div>\n<\/div>\n<\/div>\n\n\n\n<div class=\"wp-block-group alignwide has-global-padding is-content-justification-right is-layout-constrained wp-container-core-group-is-layout-f1f2ed93 wp-block-group-is-layout-constrained\"><\/div>","protected":false},"excerpt":{"rendered":"<p>Starlings \u2022 Product Design Design que impulsiona o digital colecion\u00e1vel A Starlings \u00e9 uma cole\u00e7\u00e3o de mais de 10 mil avatares NFTs na blockchain Ethereum. Nosso desafio foi traduzir a proposta da marca em uma landing page impactante, que refor\u00e7asse a identidade visual e estimulasse a convers\u00e3o no marketplace. Pensado para destacar o produto desde [&hellip;]<\/p>","protected":false},"author":1,"featured_media":0,"parent":0,"menu_order":4,"comment_status":"closed","ping_status":"closed","template":"","meta":{"footnotes":""},"class_list":["post-257","page","type-page","status-publish","hentry"],"_links":{"self":[{"href":"https:\/\/icarosantos.com\/en\/wp-json\/wp\/v2\/pages\/257","targetHints":{"allow":["GET"]}}],"collection":[{"href":"https:\/\/icarosantos.com\/en\/wp-json\/wp\/v2\/pages"}],"about":[{"href":"https:\/\/icarosantos.com\/en\/wp-json\/wp\/v2\/types\/page"}],"author":[{"embeddable":true,"href":"https:\/\/icarosantos.com\/en\/wp-json\/wp\/v2\/users\/1"}],"replies":[{"embeddable":true,"href":"https:\/\/icarosantos.com\/en\/wp-json\/wp\/v2\/comments?post=257"}],"version-history":[{"count":5,"href":"https:\/\/icarosantos.com\/en\/wp-json\/wp\/v2\/pages\/257\/revisions"}],"predecessor-version":[{"id":370,"href":"https:\/\/icarosantos.com\/en\/wp-json\/wp\/v2\/pages\/257\/revisions\/370"}],"wp:attachment":[{"href":"https:\/\/icarosantos.com\/en\/wp-json\/wp\/v2\/media?parent=257"}],"curies":[{"name":"wp","href":"https:\/\/api.w.org\/{rel}","templated":true}]}}