{"id":314,"date":"2025-06-03T21:37:17","date_gmt":"2025-06-03T21:37:17","guid":{"rendered":"https:\/\/icarosantos.com\/?page_id=314"},"modified":"2025-06-04T17:26:11","modified_gmt":"2025-06-04T17:26:11","slug":"miraculous-paris-under-siege","status":"publish","type":"page","link":"https:\/\/icarosantos.com\/en\/miraculous-paris-under-siege\/","title":{"rendered":"Miraculous: Paris Under Siege"},"content":{"rendered":"<div class=\"wp-block-group alignfull has-background-color has-foreground-background-color has-text-color has-background has-link-color wp-elements-3be3780e61476dd8f217383b16523c95 has-global-padding is-content-justification-center is-layout-constrained wp-block-group-is-layout-constrained\" style=\"margin-top:0;margin-bottom:0;padding-top:var(--wp--preset--spacing--60);padding-bottom:var(--wp--preset--spacing--60)\">\n<div class=\"wp-block-group alignwide is-layout-flow wp-block-group-is-layout-flow\">\n<div class=\"wp-block-columns is-layout-flex wp-container-core-columns-is-layout-28f84493 wp-block-columns-is-layout-flex\">\n<div class=\"wp-block-column is-layout-flow wp-block-column-is-layout-flow\" style=\"flex-basis:66.66%\">\n<p style=\"font-size:12px\"><strong>Miraculous: Paris Under Siege <\/strong>\u2022 Game UI Design<\/p>\n\n\n\n<h2 class=\"wp-block-heading\">I worked on the UI and Game Design of a game released internationally.<\/h2>\n\n\n\n<p>Miraculous: Paris Under Siege is a game published globally by Game Mill Entertainment and developed by the studio Petit Fabrik, with a release in November 2024 for all major gaming platforms. I worked directly on the development of the graphical user interface (GUI) and the game design applied to the interfaces, ensuring fluid, easy and immersive interactions for players of all ages around the world.<\/p>\n\n\n\n<p><strong>Used tools:<\/strong>: Figma, Unreal, Photoshop e Illustrator.<\/p>\n<\/div>\n\n\n\n<div class=\"wp-block-column is-layout-flow wp-block-column-is-layout-flow\" style=\"flex-basis:33.33%\"><\/div>\n<\/div>\n<\/div>\n<\/div>\n\n\n\n<div class=\"wp-block-group alignfull has-global-padding is-layout-constrained wp-container-core-group-is-layout-1dd4d0c6 wp-block-group-is-layout-constrained\" style=\"padding-top:var(--wp--preset--spacing--40);padding-bottom:var(--wp--preset--spacing--40)\">\n<div class=\"wp-block-columns alignwide are-vertically-aligned-center is-layout-flex wp-container-core-columns-is-layout-28f84493 wp-block-columns-is-layout-flex\">\n<div class=\"wp-block-column is-vertically-aligned-center is-layout-flow wp-block-column-is-layout-flow\" style=\"flex-basis:66.66%\">\n<h3 class=\"wp-block-heading alignwide\">A Global Action-Adventure Experience<\/h3>\n\n\n\n<p>Published by Game Mill Entertainment and developed by Brazilian studio Petit Fabrik, the title was released worldwide in November 2024 for PlayStation 4, PlayStation 5, Xbox One, Xbox Series X|S, Nintendo Switch and PC.<\/p>\n\n\n\n<p>Publicado pela Game Mill Entertainment e desenvolvido pelo est\u00fadio brasileiro Petit Fabrik, o t\u00edtulo foi lan\u00e7ado mundialmente em novembro de 2024 para PlayStation 4, PlayStation 5, Xbox One, Xbox Series X|S, Nintendo Switch e PC.<\/p>\n<\/div>\n\n\n\n<div class=\"wp-block-column is-vertically-aligned-center is-layout-flow wp-block-column-is-layout-flow\" style=\"flex-basis:33.33%\">\n<figure class=\"wp-block-image size-full has-custom-border\"><img loading=\"lazy\" decoding=\"async\" width=\"1018\" height=\"1280\" src=\"https:\/\/icarosantos.com\/wp-content\/uploads\/2025\/06\/1744042781169.jpeg\" alt=\"\" class=\"wp-image-318\" style=\"border-radius:20px\" srcset=\"https:\/\/icarosantos.com\/wp-content\/uploads\/2025\/06\/1744042781169.jpeg 1018w, https:\/\/icarosantos.com\/wp-content\/uploads\/2025\/06\/1744042781169-239x300.jpeg 239w, https:\/\/icarosantos.com\/wp-content\/uploads\/2025\/06\/1744042781169-814x1024.jpeg 814w, https:\/\/icarosantos.com\/wp-content\/uploads\/2025\/06\/1744042781169-768x966.jpeg 768w\" sizes=\"auto, (max-width: 1018px) 100vw, 1018px\" \/><\/figure>\n<\/div>\n<\/div>\n\n\n\n<div class=\"wp-block-columns alignwide is-layout-flex wp-container-core-columns-is-layout-28f84493 wp-block-columns-is-layout-flex\">\n<div class=\"wp-block-column is-layout-flow wp-block-column-is-layout-flow\">\n<figure class=\"wp-block-image size-full has-custom-border\"><img loading=\"lazy\" decoding=\"async\" width=\"2000\" height=\"1125\" src=\"https:\/\/icarosantos.com\/wp-content\/uploads\/2025\/06\/pus01.jpg\" alt=\"\" class=\"wp-image-326\" style=\"border-radius:20px\" srcset=\"https:\/\/icarosantos.com\/wp-content\/uploads\/2025\/06\/pus01.jpg 2000w, https:\/\/icarosantos.com\/wp-content\/uploads\/2025\/06\/pus01-300x169.jpg 300w, https:\/\/icarosantos.com\/wp-content\/uploads\/2025\/06\/pus01-1024x576.jpg 1024w, https:\/\/icarosantos.com\/wp-content\/uploads\/2025\/06\/pus01-768x432.jpg 768w, https:\/\/icarosantos.com\/wp-content\/uploads\/2025\/06\/pus01-1536x864.jpg 1536w\" sizes=\"auto, (max-width: 2000px) 100vw, 2000px\" \/><\/figure>\n<\/div>\n\n\n\n<div class=\"wp-block-column is-layout-flow wp-block-column-is-layout-flow\">\n<figure class=\"wp-block-image size-full has-custom-border\"><img loading=\"lazy\" decoding=\"async\" width=\"2000\" height=\"1125\" src=\"https:\/\/icarosantos.com\/wp-content\/uploads\/2025\/06\/pus02.jpg\" alt=\"\" class=\"wp-image-327\" style=\"border-radius:20px\" srcset=\"https:\/\/icarosantos.com\/wp-content\/uploads\/2025\/06\/pus02.jpg 2000w, https:\/\/icarosantos.com\/wp-content\/uploads\/2025\/06\/pus02-300x169.jpg 300w, https:\/\/icarosantos.com\/wp-content\/uploads\/2025\/06\/pus02-1024x576.jpg 1024w, https:\/\/icarosantos.com\/wp-content\/uploads\/2025\/06\/pus02-768x432.jpg 768w, https:\/\/icarosantos.com\/wp-content\/uploads\/2025\/06\/pus02-1536x864.jpg 1536w\" sizes=\"auto, (max-width: 2000px) 100vw, 2000px\" \/><\/figure>\n<\/div>\n<\/div>\n\n\n\n<div class=\"wp-block-columns alignwide is-layout-flex wp-container-core-columns-is-layout-28f84493 wp-block-columns-is-layout-flex\">\n<div class=\"wp-block-column is-layout-flow wp-block-column-is-layout-flow\">\n<figure class=\"wp-block-image size-full has-custom-border\"><img loading=\"lazy\" decoding=\"async\" width=\"2000\" height=\"1125\" src=\"https:\/\/icarosantos.com\/wp-content\/uploads\/2025\/06\/pus03.jpg\" alt=\"\" class=\"wp-image-329\" style=\"border-radius:20px\" srcset=\"https:\/\/icarosantos.com\/wp-content\/uploads\/2025\/06\/pus03.jpg 2000w, https:\/\/icarosantos.com\/wp-content\/uploads\/2025\/06\/pus03-300x169.jpg 300w, https:\/\/icarosantos.com\/wp-content\/uploads\/2025\/06\/pus03-1024x576.jpg 1024w, https:\/\/icarosantos.com\/wp-content\/uploads\/2025\/06\/pus03-768x432.jpg 768w, https:\/\/icarosantos.com\/wp-content\/uploads\/2025\/06\/pus03-1536x864.jpg 1536w\" sizes=\"auto, (max-width: 2000px) 100vw, 2000px\" \/><\/figure>\n<\/div>\n\n\n\n<div class=\"wp-block-column is-layout-flow wp-block-column-is-layout-flow\">\n<figure class=\"wp-block-image size-full has-custom-border\"><img loading=\"lazy\" decoding=\"async\" width=\"2000\" height=\"1125\" src=\"https:\/\/icarosantos.com\/wp-content\/uploads\/2025\/06\/pus04.jpg\" alt=\"\" class=\"wp-image-328\" style=\"border-radius:20px\" srcset=\"https:\/\/icarosantos.com\/wp-content\/uploads\/2025\/06\/pus04.jpg 2000w, https:\/\/icarosantos.com\/wp-content\/uploads\/2025\/06\/pus04-300x169.jpg 300w, https:\/\/icarosantos.com\/wp-content\/uploads\/2025\/06\/pus04-1024x576.jpg 1024w, https:\/\/icarosantos.com\/wp-content\/uploads\/2025\/06\/pus04-768x432.jpg 768w, https:\/\/icarosantos.com\/wp-content\/uploads\/2025\/06\/pus04-1536x864.jpg 1536w\" sizes=\"auto, (max-width: 2000px) 100vw, 2000px\" \/><\/figure>\n<\/div>\n<\/div>\n\n\n\n<div class=\"wp-block-columns alignwide is-layout-flex wp-container-core-columns-is-layout-28f84493 wp-block-columns-is-layout-flex\">\n<div class=\"wp-block-column is-layout-flow wp-block-column-is-layout-flow\">\n<figure class=\"wp-block-image size-full has-custom-border\"><img loading=\"lazy\" decoding=\"async\" width=\"2000\" height=\"1125\" src=\"https:\/\/icarosantos.com\/wp-content\/uploads\/2025\/06\/pus05.jpg\" alt=\"\" class=\"wp-image-330\" style=\"border-radius:20px\" srcset=\"https:\/\/icarosantos.com\/wp-content\/uploads\/2025\/06\/pus05.jpg 2000w, https:\/\/icarosantos.com\/wp-content\/uploads\/2025\/06\/pus05-300x169.jpg 300w, https:\/\/icarosantos.com\/wp-content\/uploads\/2025\/06\/pus05-1024x576.jpg 1024w, https:\/\/icarosantos.com\/wp-content\/uploads\/2025\/06\/pus05-768x432.jpg 768w, https:\/\/icarosantos.com\/wp-content\/uploads\/2025\/06\/pus05-1536x864.jpg 1536w\" sizes=\"auto, (max-width: 2000px) 100vw, 2000px\" \/><\/figure>\n<\/div>\n\n\n\n<div class=\"wp-block-column is-layout-flow wp-block-column-is-layout-flow\">\n<figure class=\"wp-block-image size-full\"><img loading=\"lazy\" decoding=\"async\" width=\"2000\" height=\"1125\" src=\"https:\/\/icarosantos.com\/wp-content\/uploads\/2025\/06\/pus06.jpg\" alt=\"\" class=\"wp-image-331\" srcset=\"https:\/\/icarosantos.com\/wp-content\/uploads\/2025\/06\/pus06.jpg 2000w, https:\/\/icarosantos.com\/wp-content\/uploads\/2025\/06\/pus06-300x169.jpg 300w, https:\/\/icarosantos.com\/wp-content\/uploads\/2025\/06\/pus06-1024x576.jpg 1024w, https:\/\/icarosantos.com\/wp-content\/uploads\/2025\/06\/pus06-768x432.jpg 768w, https:\/\/icarosantos.com\/wp-content\/uploads\/2025\/06\/pus06-1536x864.jpg 1536w\" sizes=\"auto, (max-width: 2000px) 100vw, 2000px\" \/><\/figure>\n<\/div>\n<\/div>\n\n\n\n<div class=\"wp-block-group alignwide has-global-padding is-content-justification-right is-layout-constrained wp-container-core-group-is-layout-f1f2ed93 wp-block-group-is-layout-constrained\"><\/div>\n<\/div>","protected":false},"excerpt":{"rendered":"<p>Miraculous: Paris Under Siege \u2022 Game UI Design Atuei no UI e Game Design de um jogo lan\u00e7ado internacionalmente. Miraculous: Paris Under&nbsp;Siege, \u00e9 um jogo publicado globalmente pela Game Mill Entertainment e desenvolvido pelo est\u00fadio Petit Fabrik,&nbsp; com lan\u00e7amento em novembro de 2024 para todas as principais plataformas de jogos. Atuei diretamente no desenvolvimento da [&hellip;]<\/p>","protected":false},"author":1,"featured_media":0,"parent":0,"menu_order":7,"comment_status":"closed","ping_status":"closed","template":"","meta":{"footnotes":""},"class_list":["post-314","page","type-page","status-publish","hentry"],"_links":{"self":[{"href":"https:\/\/icarosantos.com\/en\/wp-json\/wp\/v2\/pages\/314","targetHints":{"allow":["GET"]}}],"collection":[{"href":"https:\/\/icarosantos.com\/en\/wp-json\/wp\/v2\/pages"}],"about":[{"href":"https:\/\/icarosantos.com\/en\/wp-json\/wp\/v2\/types\/page"}],"author":[{"embeddable":true,"href":"https:\/\/icarosantos.com\/en\/wp-json\/wp\/v2\/users\/1"}],"replies":[{"embeddable":true,"href":"https:\/\/icarosantos.com\/en\/wp-json\/wp\/v2\/comments?post=314"}],"version-history":[{"count":3,"href":"https:\/\/icarosantos.com\/en\/wp-json\/wp\/v2\/pages\/314\/revisions"}],"predecessor-version":[{"id":345,"href":"https:\/\/icarosantos.com\/en\/wp-json\/wp\/v2\/pages\/314\/revisions\/345"}],"wp:attachment":[{"href":"https:\/\/icarosantos.com\/en\/wp-json\/wp\/v2\/media?parent=314"}],"curies":[{"name":"wp","href":"https:\/\/api.w.org\/{rel}","templated":true}]}}