{"id":70,"date":"2025-05-21T02:48:35","date_gmt":"2025-05-21T02:48:35","guid":{"rendered":"https:\/\/icarosantos.com\/?page_id=70"},"modified":"2025-06-17T14:18:32","modified_gmt":"2025-06-17T14:18:32","slug":"sobre","status":"publish","type":"page","link":"https:\/\/icarosantos.com\/en\/sobre\/","title":{"rendered":"About me"},"content":{"rendered":"<div class=\"wp-block-group alignfull has-global-padding is-layout-constrained wp-block-group-is-layout-constrained\" style=\"margin-top:0;margin-bottom:0;padding-top:0;padding-bottom:var(--wp--preset--spacing--40)\">\n<div class=\"wp-block-columns alignwide is-layout-flex wp-container-core-columns-is-layout-28f84493 wp-block-columns-is-layout-flex\">\n<div class=\"wp-block-column is-vertically-aligned-center is-layout-flow wp-block-column-is-layout-flow\" style=\"flex-basis:66.66%\">\n<h3 class=\"wp-block-heading\">Senior Product Designer, born in Salvador, focused on transforming complex ideas into simple, intuitive, efficient and elegant solutions.<\/h3>\n\n\n\n<p style=\"padding-right:var(--wp--preset--spacing--70)\">I have over 10 years of experience in digital design, the last 5 years dedicated to developing experiences and interfaces, in products with national and international impact.<\/p>\n<\/div>\n\n\n\n<div class=\"wp-block-column is-vertically-aligned-center is-layout-flow wp-block-column-is-layout-flow\" style=\"flex-basis:33.33%\">\n<figure class=\"wp-block-image aligncenter size-full\"><img loading=\"lazy\" decoding=\"async\" width=\"800\" height=\"800\" src=\"https:\/\/icarosantos.com\/wp-content\/uploads\/2025\/06\/ilimg.png\" alt=\"\" class=\"wp-image-240\" srcset=\"https:\/\/icarosantos.com\/wp-content\/uploads\/2025\/06\/ilimg.png 800w, https:\/\/icarosantos.com\/wp-content\/uploads\/2025\/06\/ilimg-300x300.png 300w, https:\/\/icarosantos.com\/wp-content\/uploads\/2025\/06\/ilimg-150x150.png 150w, https:\/\/icarosantos.com\/wp-content\/uploads\/2025\/06\/ilimg-768x768.png 768w\" sizes=\"auto, (max-width: 800px) 100vw, 800px\" \/><\/figure>\n<\/div>\n<\/div>\n\n\n<div style=\"--animation-direction: normal; --animation-speed: 40s; --content-gap: 2px; --overlay-color: transparent; --white-space: nowrap; --animation-name: storepress-marquee-animation-x; --animation-play-state: running;\" class=\"orientation-x alignfull wp-block-storepress-marquee\">\n\t<div class=\"wp-block-storepress-marquee__item\">\n\n<p class=\"has-text-align-center has-text-color has-link-color wp-elements-34076315fc1b4da8e008007c2516f3bd\" style=\"color:#b8b8ff;letter-spacing:10px;text-transform:uppercase\"> icaro \u2022 Creativity \u2022 Design \u2022 Efficiency \u2022 Modern \u2022 Style \u2022 Dream \u2022 Agile \u2022 Respect \u2022 Equity \u2022 sustainability \u2022 <br><\/p>\n\n<\/div>\n\t<!-- Mirrors the content -->\n\t<div class=\"wp-block-storepress-marquee__item mirror\" aria-hidden=\"true\">\n\n<p class=\"has-text-align-center has-text-color has-link-color wp-elements-34076315fc1b4da8e008007c2516f3bd\" style=\"color:#b8b8ff;letter-spacing:10px;text-transform:uppercase\"> icaro \u2022 Creativity \u2022 Design \u2022 Efficiency \u2022 Modern \u2022 Style \u2022 Dream \u2022 Agile \u2022 Respect \u2022 Equity \u2022 sustainability \u2022 <br><\/p>\n\n<\/div>\n<\/div>\n<\/div>\n\n\n\n<div class=\"wp-block-group alignfull has-background-color has-foreground-background-color has-text-color has-background has-link-color wp-elements-af9404834ab8d64fa12f9520ea655248 has-global-padding is-content-justification-center is-layout-constrained wp-block-group-is-layout-constrained\" style=\"margin-top:0;margin-bottom:0;padding-top:var(--wp--preset--spacing--60);padding-bottom:var(--wp--preset--spacing--60)\">\n<div class=\"wp-block-group alignwide has-global-padding is-layout-constrained wp-block-group-is-layout-constrained\">\n<div class=\"wp-block-columns alignwide is-layout-flex wp-container-core-columns-is-layout-28f84493 wp-block-columns-is-layout-flex\">\n<div class=\"wp-block-column is-layout-flow wp-container-core-column-is-layout-8a368f38 wp-block-column-is-layout-flow\" style=\"flex-basis:50%\">\n<p style=\"font-size:12px\">May 24 \u2013 Presente<\/p>\n\n\n\n<h4 class=\"wp-block-heading\">Ford Company<\/h4>\n\n\n\n<h3 class=\"wp-block-heading\">Product Designer<\/h3>\n\n\n\n<p class=\"translation-block\">Participating in UX research focusing on physical and digital automotive products. Mediated by Global Automotive.<\/p>\n<\/div>\n\n\n\n<div class=\"wp-block-column is-layout-flow wp-block-column-is-layout-flow\" style=\"flex-basis:50%\"><\/div>\n<\/div>\n\n\n\n<div class=\"wp-block-columns alignwide is-layout-flex wp-container-core-columns-is-layout-28f84493 wp-block-columns-is-layout-flex\">\n<div class=\"wp-block-column is-layout-flow wp-container-core-column-is-layout-8a368f38 wp-block-column-is-layout-flow\" style=\"flex-basis:50%\"><\/div>\n\n\n\n<div class=\"wp-block-column is-layout-flow wp-container-core-column-is-layout-8a368f38 wp-block-column-is-layout-flow\" style=\"flex-basis:50%\">\n<p style=\"font-size:12px\">Oct 23 \u2013 Oct 24<\/p>\n\n\n\n<h4 class=\"wp-block-heading\">Petit Fabrik<\/h4>\n\n\n\n<h3 class=\"wp-block-heading\">Lead UI Designer<\/h3>\n\n\n\n<p>I led the interface development process for the game Miraculous: Paris Under Siege, a game released globally for all platforms in 2024.<\/p>\n<\/div>\n<\/div>\n\n\n\n<div class=\"wp-block-columns alignwide is-layout-flex wp-container-core-columns-is-layout-28f84493 wp-block-columns-is-layout-flex\">\n<div class=\"wp-block-column is-layout-flow wp-container-core-column-is-layout-8a368f38 wp-block-column-is-layout-flow\" style=\"flex-basis:50%\">\n<p style=\"font-size:12px\">Nov 22 \u2013 Oct 23<\/p>\n\n\n\n<h4 class=\"wp-block-heading\">Bradesco<\/h4>\n\n\n\n<h3 class=\"wp-block-heading\">UX Designer<\/h3>\n\n\n\n<p>Defined the experience and interface of Bradesco Expresso's insurance acquisition software and the newest insurance management software for Bradesco bank managers. <strong>Deeploy<\/strong>.<\/p>\n<\/div>\n\n\n\n<div class=\"wp-block-column is-layout-flow wp-block-column-is-layout-flow\" style=\"flex-basis:50%\"><\/div>\n<\/div>\n\n\n\n<div class=\"wp-block-columns alignwide is-layout-flex wp-container-core-columns-is-layout-28f84493 wp-block-columns-is-layout-flex\">\n<div class=\"wp-block-column is-layout-flow wp-container-core-column-is-layout-8a368f38 wp-block-column-is-layout-flow\" style=\"flex-basis:50%\"><\/div>\n\n\n\n<div class=\"wp-block-column is-layout-flow wp-container-core-column-is-layout-8a368f38 wp-block-column-is-layout-flow\" style=\"flex-basis:50%\">\n<p style=\"font-size:12px\">Oct 21 \u2013 Oct 22<\/p>\n\n\n\n<h4 class=\"wp-block-heading\">D3 Company<\/h4>\n\n\n\n<h3 class=\"wp-block-heading\">Product Designer<\/h3>\n\n\n\n<p>I participated in research, ideation, interface design and system design in the project for the new Comg\u00e1s portal and the Zag app.<\/p>\n<\/div>\n<\/div>\n\n\n\n<div class=\"wp-block-columns alignwide is-layout-flex wp-container-core-columns-is-layout-28f84493 wp-block-columns-is-layout-flex\">\n<div class=\"wp-block-column is-layout-flow wp-container-core-column-is-layout-8a368f38 wp-block-column-is-layout-flow\" style=\"flex-basis:50%\">\n<p style=\"font-size:12px\">Oct 20 \u2013 Oct 21<\/p>\n\n\n\n<h4 class=\"wp-block-heading\">Level 131<\/h4>\n\n\n\n<h3 class=\"wp-block-heading\">UX Designer<\/h3>\n\n\n\n<p>I participated in the design of institutional websites for SoS Vida and Conttroller.<\/p>\n<\/div>\n\n\n\n<div class=\"wp-block-column is-layout-flow wp-block-column-is-layout-flow\" style=\"flex-basis:50%\"><\/div>\n<\/div>\n\n\n\n<div class=\"wp-block-columns alignwide is-layout-flex wp-container-core-columns-is-layout-28f84493 wp-block-columns-is-layout-flex\">\n<div class=\"wp-block-column is-layout-flow wp-container-core-column-is-layout-8a368f38 wp-block-column-is-layout-flow\" style=\"flex-basis:50%\"><\/div>\n\n\n\n<div class=\"wp-block-column is-layout-flow wp-container-core-column-is-layout-8a368f38 wp-block-column-is-layout-flow\" style=\"flex-basis:50%\">\n<p style=\"font-size:12px\">Apr 19 \u2013 Oct 21<\/p>\n\n\n\n<h4 class=\"wp-block-heading\">SIGU<\/h4>\n\n\n\n<h3 class=\"wp-block-heading\">SEO Analyst<\/h3>\n\n\n\n<p>I was responsible for SEO optimization on websites and social networks, as well as monitoring user behavior in digital products.<\/p>\n<\/div>\n<\/div>\n\n\n\n<div class=\"wp-block-columns alignwide is-layout-flex wp-container-core-columns-is-layout-28f84493 wp-block-columns-is-layout-flex\">\n<div class=\"wp-block-column is-layout-flow wp-container-core-column-is-layout-8a368f38 wp-block-column-is-layout-flow\" style=\"flex-basis:50%\">\n<p style=\"font-size:12px\">Nov 17 \u2013 Jan 20<\/p>\n\n\n\n<h4 class=\"wp-block-heading\">Freelance<\/h4>\n\n\n\n<h3 class=\"wp-block-heading\">Art Direction<\/h3>\n\n\n\n<p>Digital graphic arts for small and medium-sized companies throughout Brazil.<\/p>\n<\/div>\n\n\n\n<div class=\"wp-block-column is-layout-flow wp-block-column-is-layout-flow\" style=\"flex-basis:50%\"><\/div>\n<\/div>\n\n\n\n<div class=\"wp-block-columns alignwide is-layout-flex wp-container-core-columns-is-layout-28f84493 wp-block-columns-is-layout-flex\">\n<div class=\"wp-block-column is-layout-flow wp-container-core-column-is-layout-8a368f38 wp-block-column-is-layout-flow\" style=\"flex-basis:50%\"><\/div>\n\n\n\n<div class=\"wp-block-column is-layout-flow wp-container-core-column-is-layout-8a368f38 wp-block-column-is-layout-flow\" style=\"flex-basis:50%\">\n<p style=\"font-size:12px\">Apr 15 \u2013 Jul 17<\/p>\n\n\n\n<h4 class=\"wp-block-heading\">Grupo Dend\u00ea<\/h4>\n\n\n\n<h3 class=\"wp-block-heading\">Art Direction<\/h3>\n\n\n\n<p>Multidisciplinary graphic design aimed at advertising musical events using 3D tools, image editing, illustrations and video editing.<\/p>\n<\/div>\n<\/div>\n<\/div>\n<\/div>\n\n\n\n<div class=\"wp-block-group alignfull has-global-padding is-layout-constrained wp-block-group-is-layout-constrained\" style=\"margin-top:0;margin-bottom:0;padding-top:var(--wp--preset--spacing--50);padding-bottom:var(--wp--preset--spacing--50)\">\n<div class=\"wp-block-group alignwide has-global-padding is-layout-constrained wp-block-group-is-layout-constrained\">\n<div class=\"wp-block-columns alignwide is-layout-flex wp-container-core-columns-is-layout-28f84493 wp-block-columns-is-layout-flex\">\n<div class=\"wp-block-column is-layout-flow wp-block-column-is-layout-flow\" style=\"flex-basis:50%\">\n<h3 class=\"wp-block-heading alignwide\" style=\"margin-top:0;margin-bottom:var(--wp--preset--spacing--40)\">Skills that Enhance my Design<\/h3>\n<\/div>\n\n\n\n<div class=\"wp-block-column is-layout-flow wp-block-column-is-layout-flow\" style=\"flex-basis:33.33%\"><\/div>\n<\/div>\n\n\n\n<div class=\"wp-block-columns alignwide is-layout-flex wp-container-core-columns-is-layout-28f84493 wp-block-columns-is-layout-flex\">\n<div class=\"wp-block-column has-background-background-color has-background is-layout-flow wp-block-column-is-layout-flow\" style=\"border-radius:20px;padding-top:var(--wp--preset--spacing--30);padding-right:var(--wp--preset--spacing--30);padding-bottom:var(--wp--preset--spacing--30);padding-left:var(--wp--preset--spacing--30)\">\n<h4 class=\"wp-block-heading\">Product Design<\/h4>\n\n\n\n<p>Design Thinking, Agile methodologies, UX, UI, Research, Prototyping, Design System, Wireframing, Usability testing, Responsiveness.<\/p>\n<\/div>\n\n\n\n<div class=\"wp-block-column has-background-background-color has-background is-layout-flow wp-block-column-is-layout-flow\" style=\"border-radius:20px;padding-top:var(--wp--preset--spacing--30);padding-right:var(--wp--preset--spacing--30);padding-bottom:var(--wp--preset--spacing--30);padding-left:var(--wp--preset--spacing--30)\">\n<h4 class=\"wp-block-heading\">Web Design<\/h4>\n\n\n\n<p>SEO Analysis, A\/B Testing, UX Writing, WordPress, HTML, CSS, Javascript, Three JS.<\/p>\n<\/div>\n\n\n\n<div class=\"wp-block-column has-background-background-color has-background is-layout-flow wp-block-column-is-layout-flow\" style=\"border-radius:20px;padding-top:var(--wp--preset--spacing--30);padding-right:var(--wp--preset--spacing--30);padding-bottom:var(--wp--preset--spacing--30);padding-left:var(--wp--preset--spacing--30)\">\n<h4 class=\"wp-block-heading\">Design Gr\u00e1fico<\/h4>\n\n\n\n<p>Image and video editing.<\/p>\n<\/div>\n<\/div>\n<\/div>\n<\/div>","protected":false},"excerpt":{"rendered":"<p>Product Designer S\u00eanior, natural de Salvador, com foco em transformar ideias complexas em solu\u00e7\u00f5es simples, intuitivas, eficientes e elegantes. Tenho mais de 10 anos de experi\u00eancia em design digital, sendo os \u00faltimos 5 anos dedicados ao desenvolvimento de experi\u00eancias e interfaces, em produtos de impacto nacional e internacional. Maio 24 &#8211; Presente Ford Company Product [&hellip;]<\/p>","protected":false},"author":1,"featured_media":0,"parent":0,"menu_order":1,"comment_status":"closed","ping_status":"closed","template":"","meta":{"footnotes":""},"class_list":["post-70","page","type-page","status-publish","hentry"],"_links":{"self":[{"href":"https:\/\/icarosantos.com\/en\/wp-json\/wp\/v2\/pages\/70","targetHints":{"allow":["GET"]}}],"collection":[{"href":"https:\/\/icarosantos.com\/en\/wp-json\/wp\/v2\/pages"}],"about":[{"href":"https:\/\/icarosantos.com\/en\/wp-json\/wp\/v2\/types\/page"}],"author":[{"embeddable":true,"href":"https:\/\/icarosantos.com\/en\/wp-json\/wp\/v2\/users\/1"}],"replies":[{"embeddable":true,"href":"https:\/\/icarosantos.com\/en\/wp-json\/wp\/v2\/comments?post=70"}],"version-history":[{"count":38,"href":"https:\/\/icarosantos.com\/en\/wp-json\/wp\/v2\/pages\/70\/revisions"}],"predecessor-version":[{"id":382,"href":"https:\/\/icarosantos.com\/en\/wp-json\/wp\/v2\/pages\/70\/revisions\/382"}],"wp:attachment":[{"href":"https:\/\/icarosantos.com\/en\/wp-json\/wp\/v2\/media?parent=70"}],"curies":[{"name":"wp","href":"https:\/\/api.w.org\/{rel}","templated":true}]}}