{"id":73,"date":"2025-05-21T02:52:50","date_gmt":"2025-05-21T02:52:50","guid":{"rendered":"https:\/\/icarosantos.com\/?page_id=73"},"modified":"2025-06-10T17:24:32","modified_gmt":"2025-06-10T17:24:32","slug":"breeze-ds","status":"publish","type":"page","link":"https:\/\/icarosantos.com\/en\/breeze-ds\/","title":{"rendered":"Breeze DS"},"content":{"rendered":"<div class=\"wp-block-group alignfull has-background-color has-foreground-background-color has-text-color has-background has-link-color wp-elements-e861b1450193ea1654e6fa0a21d4dc5b has-global-padding is-content-justification-left is-layout-constrained wp-container-core-group-is-layout-e930cff9 wp-block-group-is-layout-constrained\" style=\"border-radius:0px;padding-top:var(--wp--preset--spacing--60);padding-right:var(--wp--preset--spacing--50);padding-bottom:var(--wp--preset--spacing--60);padding-left:var(--wp--preset--spacing--50)\">\n<p style=\"font-size:12px\"><strong>Breeze&nbsp;<\/strong>\u2022 Design System<\/p>\n\n\n\n<h3 class=\"wp-block-heading alignwide\">I developed a Design System to assist in the composition of projects for designers who need a complete, responsive, simple and efficient system.<\/h3>\n<\/div>\n\n\n\n<div class=\"wp-block-group alignwide has-global-padding is-layout-constrained wp-block-group-is-layout-constrained\" style=\"padding-top:var(--wp--preset--spacing--30);padding-bottom:var(--wp--preset--spacing--30)\">\n<div class=\"wp-block-columns alignwide are-vertically-aligned-center is-layout-flex wp-container-core-columns-is-layout-6cb66de6 wp-block-columns-is-layout-flex\" style=\"margin-top:0;margin-bottom:0\">\n<div class=\"wp-block-column is-vertically-aligned-center is-layout-flow wp-block-column-is-layout-flow\">\n<figure class=\"wp-block-image aligncenter size-full has-custom-border\"><img loading=\"lazy\" decoding=\"async\" width=\"1200\" height=\"1200\" src=\"https:\/\/icarosantos.com\/wp-content\/uploads\/2025\/06\/assets.png\" alt=\"\" class=\"wp-image-335\" style=\"border-radius:20px\" srcset=\"https:\/\/icarosantos.com\/wp-content\/uploads\/2025\/06\/assets.png 1200w, https:\/\/icarosantos.com\/wp-content\/uploads\/2025\/06\/assets-300x300.png 300w, https:\/\/icarosantos.com\/wp-content\/uploads\/2025\/06\/assets-1024x1024.png 1024w, https:\/\/icarosantos.com\/wp-content\/uploads\/2025\/06\/assets-150x150.png 150w, https:\/\/icarosantos.com\/wp-content\/uploads\/2025\/06\/assets-768x768.png 768w\" sizes=\"auto, (max-width: 1200px) 100vw, 1200px\" \/><\/figure>\n<\/div>\n\n\n\n<div class=\"wp-block-column is-vertically-aligned-center is-layout-flow wp-block-column-is-layout-flow\">\n<h4 class=\"wp-block-heading\">The Design System is in version 0.3 and is used and praised by designers in many countries. <\/h4>\n\n\n\n<p>Breeze already has more than 70 assets and new components are added and documented with each update.<\/p>\n\n\n\n<div class=\"wp-block-buttons is-layout-flex wp-block-buttons-is-layout-flex\">\n<div class=\"wp-block-button\"><a class=\"wp-block-button__link wp-element-button\" href=\"https:\/\/www.figma.com\/community\/file\/1449072253479593775\/breeze-ui-design-system\" target=\"_blank\" rel=\"noreferrer noopener\">Access Design System<\/a><\/div>\n<\/div>\n<\/div>\n<\/div>\n<\/div>\n\n\n\n<div class=\"wp-block-group alignwide has-global-padding is-layout-constrained wp-block-group-is-layout-constrained\">\n<div class=\"wp-block-columns alignwide are-vertically-aligned-center is-layout-flex wp-container-core-columns-is-layout-28f84493 wp-block-columns-is-layout-flex\">\n<div class=\"wp-block-column is-vertically-aligned-center has-background-background-color has-background is-layout-flow wp-block-column-is-layout-flow\" style=\"border-radius:20px;padding-top:var(--wp--preset--spacing--30);padding-right:var(--wp--preset--spacing--30);padding-bottom:var(--wp--preset--spacing--30);padding-left:var(--wp--preset--spacing--30)\">\n<h4 class=\"wp-block-heading translation-block\">Atomic Design<\/h4>\n\n\n\n<p>All components were developed to facilitate the composition of more complex elements and interfaces, being divided into atoms, molecules and organisms.<\/p>\n<\/div>\n\n\n\n<div class=\"wp-block-column is-vertically-aligned-center has-background-background-color has-background is-layout-flow wp-block-column-is-layout-flow\" style=\"border-radius:20px;padding-top:var(--wp--preset--spacing--30);padding-right:var(--wp--preset--spacing--30);padding-bottom:var(--wp--preset--spacing--30);padding-left:var(--wp--preset--spacing--30)\">\n<h4 class=\"wp-block-heading translation-block\">Style Library<\/h4>\n\n\n\n<p>The colors, fonts and values \u200b\u200bhave been documented and make up a complete library of styles and variables that facilitate the styling of interface elements.<\/p>\n<\/div>\n<\/div>\n\n\n\n<div class=\"wp-block-columns alignwide are-vertically-aligned-center is-layout-flex wp-container-core-columns-is-layout-28f84493 wp-block-columns-is-layout-flex\">\n<div class=\"wp-block-column is-vertically-aligned-center has-background-background-color has-background is-layout-flow wp-block-column-is-layout-flow\" style=\"border-radius:20px;padding-top:var(--wp--preset--spacing--30);padding-right:var(--wp--preset--spacing--30);padding-bottom:var(--wp--preset--spacing--30);padding-left:var(--wp--preset--spacing--30)\">\n<h4 class=\"wp-block-heading translation-block\">Responsive Itens<\/h4>\n\n\n\n<p>All Breeze UI inputs are modular and have dimensions compatible with different screen sizes, streamlining interfaces for mobile and desktop.<\/p>\n<\/div>\n\n\n\n<div class=\"wp-block-column is-vertically-aligned-center has-background-background-color has-background is-layout-flow wp-block-column-is-layout-flow\" style=\"border-radius:20px;padding-top:var(--wp--preset--spacing--30);padding-right:var(--wp--preset--spacing--30);padding-bottom:var(--wp--preset--spacing--30);padding-left:var(--wp--preset--spacing--30)\">\n<h4 class=\"wp-block-heading translation-block\">Practical Design<\/h4>\n\n\n\n<p>Good design practices were adopted to create a consistent document, with values \u200b\u200bthat are multiples of 4, well-applied auto layouts and handoff facilitators.<\/p>\n<\/div>\n<\/div>\n<\/div>\n\n\n\n<div class=\"wp-block-group alignwide has-global-padding is-layout-constrained wp-block-group-is-layout-constrained\">\n<div class=\"wp-block-columns alignwide are-vertically-aligned-center is-layout-flex wp-container-core-columns-is-layout-a5349e65 wp-block-columns-is-layout-flex\" style=\"margin-top:0;margin-bottom:0;padding-top:var(--wp--preset--spacing--30);padding-bottom:var(--wp--preset--spacing--30)\">\n<div class=\"wp-block-column is-vertically-aligned-center is-layout-flow wp-block-column-is-layout-flow\">\n<h4 class=\"wp-block-heading\">Breeze UI was designed to be a lightweight, simple and pleasant tool, like a sea breeze.<\/h4>\n\n\n\n<p> Concept inspired by the climate of the city of Salvador, Bahia.<\/p>\n\n\n\n<div class=\"wp-block-buttons is-layout-flex wp-block-buttons-is-layout-flex\">\n<div class=\"wp-block-button\"><a class=\"wp-block-button__link wp-element-button\" href=\"https:\/\/www.figma.com\/community\/file\/1449072253479593775\/breeze-ui-design-system\" target=\"_blank\" rel=\"noreferrer noopener\">Access Design System<\/a><\/div>\n<\/div>\n<\/div>\n\n\n\n<div class=\"wp-block-column is-vertically-aligned-center is-layout-flow wp-block-column-is-layout-flow\">\n<figure class=\"wp-block-image aligncenter size-full has-custom-border\"><img loading=\"lazy\" decoding=\"async\" width=\"2437\" height=\"2560\" src=\"https:\/\/icarosantos.com\/wp-content\/uploads\/2025\/05\/IMG_20250323_174004_HDR-scaled.jpg\" alt=\"\" class=\"wp-image-174\" style=\"border-radius:20px\" srcset=\"https:\/\/icarosantos.com\/wp-content\/uploads\/2025\/05\/IMG_20250323_174004_HDR-scaled.jpg 2437w, https:\/\/icarosantos.com\/wp-content\/uploads\/2025\/05\/IMG_20250323_174004_HDR-286x300.jpg 286w, https:\/\/icarosantos.com\/wp-content\/uploads\/2025\/05\/IMG_20250323_174004_HDR-975x1024.jpg 975w, https:\/\/icarosantos.com\/wp-content\/uploads\/2025\/05\/IMG_20250323_174004_HDR-768x807.jpg 768w, https:\/\/icarosantos.com\/wp-content\/uploads\/2025\/05\/IMG_20250323_174004_HDR-1462x1536.jpg 1462w\" sizes=\"auto, (max-width: 2437px) 100vw, 2437px\" \/><\/figure>\n<\/div>\n<\/div>\n<\/div>\n\n\n\n<div class=\"wp-block-group alignwide has-global-padding is-content-justification-right is-layout-constrained wp-container-core-group-is-layout-f1f2ed93 wp-block-group-is-layout-constrained\"><\/div>","protected":false},"excerpt":{"rendered":"<p>Breeze&nbsp;\u2022 Design System Desenvolvi um Design System para auxiliar na composi\u00e7\u00e3o de projetos para designers que precisam de um sistema completo, responsivo, simples e eficiente. O Design System est\u00e1 na vers\u00e3o 0.3 e \u00e9 utilizado e elogiado por designers em diversos pa\u00edses. Breeze j\u00e1 conta com mais de 70 assets e novos componentess\u00e3o adicionados e [&hellip;]<\/p>","protected":false},"author":1,"featured_media":0,"parent":0,"menu_order":2,"comment_status":"closed","ping_status":"closed","template":"","meta":{"footnotes":""},"class_list":["post-73","page","type-page","status-publish","hentry"],"_links":{"self":[{"href":"https:\/\/icarosantos.com\/en\/wp-json\/wp\/v2\/pages\/73","targetHints":{"allow":["GET"]}}],"collection":[{"href":"https:\/\/icarosantos.com\/en\/wp-json\/wp\/v2\/pages"}],"about":[{"href":"https:\/\/icarosantos.com\/en\/wp-json\/wp\/v2\/types\/page"}],"author":[{"embeddable":true,"href":"https:\/\/icarosantos.com\/en\/wp-json\/wp\/v2\/users\/1"}],"replies":[{"embeddable":true,"href":"https:\/\/icarosantos.com\/en\/wp-json\/wp\/v2\/comments?post=73"}],"version-history":[{"count":21,"href":"https:\/\/icarosantos.com\/en\/wp-json\/wp\/v2\/pages\/73\/revisions"}],"predecessor-version":[{"id":341,"href":"https:\/\/icarosantos.com\/en\/wp-json\/wp\/v2\/pages\/73\/revisions\/341"}],"wp:attachment":[{"href":"https:\/\/icarosantos.com\/en\/wp-json\/wp\/v2\/media?parent=73"}],"curies":[{"name":"wp","href":"https:\/\/api.w.org\/{rel}","templated":true}]}}