{"id":80,"date":"2025-05-21T14:06:40","date_gmt":"2025-05-21T14:06:40","guid":{"rendered":"https:\/\/icarosantos.com\/?page_id=80"},"modified":"2025-06-04T17:21:29","modified_gmt":"2025-06-04T17:21:29","slug":"engeea","status":"publish","type":"page","link":"https:\/\/icarosantos.com\/en\/engeea\/","title":{"rendered":"Engeea"},"content":{"rendered":"<div class=\"wp-block-group alignfull has-background-color has-foreground-background-color has-text-color has-background has-link-color wp-elements-fdb998a431cce3a6b6c25bb8e1d7a7cf has-global-padding is-content-justification-center is-layout-constrained wp-block-group-is-layout-constrained\" style=\"margin-top:0;margin-bottom:0;padding-top:var(--wp--preset--spacing--60);padding-bottom:var(--wp--preset--spacing--60)\">\n<div class=\"wp-block-group alignwide is-layout-flow wp-block-group-is-layout-flow\">\n<div class=\"wp-block-columns is-layout-flex wp-container-core-columns-is-layout-28f84493 wp-block-columns-is-layout-flex\">\n<div class=\"wp-block-column is-layout-flow wp-block-column-is-layout-flow\" style=\"flex-basis:66.66%\">\n<p style=\"font-size:12px\"><strong>ENGEEA <\/strong>\u2022 Web Design and SEO<\/p>\n\n\n\n<h2 class=\"wp-block-heading\">A new look for Engeea's institutional website.<\/h2>\n\n\n\n<p>My role in this project was to design and develop a website with a modern, responsive design that communicated technical expertise in an accessible and reliable way. Engeea is an electrical engineering company focused on industrial automation and maintenance.<\/p>\n<\/div>\n\n\n\n<div class=\"wp-block-column is-layout-flow wp-block-column-is-layout-flow\" style=\"flex-basis:33.33%\"><\/div>\n<\/div>\n\n\n\n<figure class=\"wp-block-image size-full has-custom-border\"><img loading=\"lazy\" decoding=\"async\" width=\"1698\" height=\"1092\" src=\"https:\/\/icarosantos.com\/wp-content\/uploads\/2025\/05\/engeea-site-scroll.gif\" alt=\"\" class=\"wp-image-182\" style=\"border-radius:20px\"\/><\/figure>\n<\/div>\n<\/div>\n\n\n\n<div class=\"wp-block-group alignfull has-global-padding is-layout-constrained wp-container-core-group-is-layout-1dd4d0c6 wp-block-group-is-layout-constrained\" style=\"padding-top:var(--wp--preset--spacing--40);padding-bottom:var(--wp--preset--spacing--40)\">\n<div class=\"wp-block-columns alignwide is-layout-flex wp-container-core-columns-is-layout-28f84493 wp-block-columns-is-layout-flex\">\n<div class=\"wp-block-column is-layout-flow wp-block-column-is-layout-flow\" style=\"flex-basis:66.66%\">\n<h3 class=\"wp-block-heading alignwide\">The new website positions the company more clearly in the market.<\/h3>\n<\/div>\n\n\n\n<div class=\"wp-block-column is-layout-flow wp-block-column-is-layout-flow\" style=\"flex-basis:33.33%\"><\/div>\n<\/div>\n\n\n\n<div class=\"wp-block-columns alignwide is-layout-flex wp-container-core-columns-is-layout-28f84493 wp-block-columns-is-layout-flex\">\n<div class=\"wp-block-column has-background-background-color has-background is-layout-flow wp-block-column-is-layout-flow\" style=\"border-radius:20px;padding-top:var(--wp--preset--spacing--30);padding-right:var(--wp--preset--spacing--30);padding-bottom:var(--wp--preset--spacing--30);padding-left:var(--wp--preset--spacing--30)\">\n<h4 class=\"wp-block-heading\">Mission<\/h4>\n\n\n\n<p>Develop a website that highlights ENGEEA's services and differentials with a more modern visual language, reinforcing its authority in a direct channel for new business opportunities.<\/p>\n<\/div>\n\n\n\n<div class=\"wp-block-column has-background-background-color has-background is-layout-flow wp-block-column-is-layout-flow\" style=\"border-radius:20px;padding-top:var(--wp--preset--spacing--30);padding-right:var(--wp--preset--spacing--30);padding-bottom:var(--wp--preset--spacing--30);padding-left:var(--wp--preset--spacing--30)\">\n<h4 class=\"wp-block-heading\">Results<\/h4>\n\n\n\n<p>The new website was developed with an optimized interface, with assertive and informative language, published with SEO optimizations. Now Engeea has a website that enhances its credibility and leads potential customers and partners to effective contact with the company.<\/p>\n<\/div>\n<\/div>\n\n\n\n<figure class=\"wp-block-gallery alignwide has-nested-images columns-default is-cropped wp-block-gallery-1 is-layout-flex wp-block-gallery-is-layout-flex\">\n<figure class=\"wp-block-image size-full has-custom-border\"><img loading=\"lazy\" decoding=\"async\" width=\"1366\" height=\"845\" data-id=\"90\" src=\"https:\/\/icarosantos.com\/wp-content\/uploads\/2025\/05\/Contato.png\" alt=\"\" class=\"wp-image-90\" style=\"border-radius:20px\" srcset=\"https:\/\/icarosantos.com\/wp-content\/uploads\/2025\/05\/Contato.png 1366w, https:\/\/icarosantos.com\/wp-content\/uploads\/2025\/05\/Contato-300x186.png 300w, https:\/\/icarosantos.com\/wp-content\/uploads\/2025\/05\/Contato-1024x633.png 1024w, https:\/\/icarosantos.com\/wp-content\/uploads\/2025\/05\/Contato-768x475.png 768w\" sizes=\"auto, (max-width: 1366px) 100vw, 1366px\" \/><\/figure>\n\n\n\n<figure class=\"wp-block-image size-full has-custom-border\"><img loading=\"lazy\" decoding=\"async\" width=\"1366\" height=\"840\" data-id=\"91\" src=\"https:\/\/icarosantos.com\/wp-content\/uploads\/2025\/05\/Servicos.png\" alt=\"\" class=\"wp-image-91\" style=\"border-radius:20px\" srcset=\"https:\/\/icarosantos.com\/wp-content\/uploads\/2025\/05\/Servicos.png 1366w, https:\/\/icarosantos.com\/wp-content\/uploads\/2025\/05\/Servicos-300x184.png 300w, https:\/\/icarosantos.com\/wp-content\/uploads\/2025\/05\/Servicos-1024x630.png 1024w, https:\/\/icarosantos.com\/wp-content\/uploads\/2025\/05\/Servicos-768x472.png 768w\" sizes=\"auto, (max-width: 1366px) 100vw, 1366px\" \/><\/figure>\n\n\n\n<figure class=\"wp-block-image size-full has-custom-border\"><img loading=\"lazy\" decoding=\"async\" width=\"1366\" height=\"845\" data-id=\"92\" src=\"https:\/\/icarosantos.com\/wp-content\/uploads\/2025\/05\/Sobre.png\" alt=\"\" class=\"wp-image-92\" style=\"border-radius:20px\" srcset=\"https:\/\/icarosantos.com\/wp-content\/uploads\/2025\/05\/Sobre.png 1366w, https:\/\/icarosantos.com\/wp-content\/uploads\/2025\/05\/Sobre-300x186.png 300w, https:\/\/icarosantos.com\/wp-content\/uploads\/2025\/05\/Sobre-1024x633.png 1024w, https:\/\/icarosantos.com\/wp-content\/uploads\/2025\/05\/Sobre-768x475.png 768w\" sizes=\"auto, (max-width: 1366px) 100vw, 1366px\" \/><\/figure>\n\n\n\n<figure class=\"wp-block-image size-full has-custom-border\"><img loading=\"lazy\" decoding=\"async\" width=\"1366\" height=\"840\" data-id=\"93\" src=\"https:\/\/icarosantos.com\/wp-content\/uploads\/2025\/05\/Inicio.png\" alt=\"\" class=\"wp-image-93\" style=\"border-radius:20px\" srcset=\"https:\/\/icarosantos.com\/wp-content\/uploads\/2025\/05\/Inicio.png 1366w, https:\/\/icarosantos.com\/wp-content\/uploads\/2025\/05\/Inicio-300x184.png 300w, https:\/\/icarosantos.com\/wp-content\/uploads\/2025\/05\/Inicio-1024x630.png 1024w, https:\/\/icarosantos.com\/wp-content\/uploads\/2025\/05\/Inicio-768x472.png 768w\" sizes=\"auto, (max-width: 1366px) 100vw, 1366px\" \/><\/figure>\n<\/figure>\n<\/div>\n\n\n\n<div class=\"wp-block-group alignfull has-global-padding is-layout-constrained wp-block-group-is-layout-constrained\" style=\"padding-top:var(--wp--preset--spacing--40);padding-bottom:var(--wp--preset--spacing--40)\">\n<div class=\"wp-block-columns alignwide are-vertically-aligned-center is-layout-flex wp-container-core-columns-is-layout-28f84493 wp-block-columns-is-layout-flex\">\n<div class=\"wp-block-column is-vertically-aligned-center is-layout-flow wp-block-column-is-layout-flow\">\n<h3 class=\"wp-block-heading\">Responsiveness<\/h3>\n\n\n\n<p>The website is designed to work perfectly on computers, tablets and smartphones. This ensures smooth navigation for different audience profiles, including managers, technicians and customers in the field.<\/p>\n<\/div>\n\n\n\n<div class=\"wp-block-column is-vertically-aligned-center is-layout-flow wp-block-column-is-layout-flow\">\n<figure class=\"wp-block-image size-full has-custom-border\"><img loading=\"lazy\" decoding=\"async\" width=\"1024\" height=\"683\" src=\"https:\/\/icarosantos.com\/wp-content\/uploads\/2025\/05\/Responsivo-1024x683-1.png\" alt=\"\" class=\"wp-image-89\" style=\"border-radius:20px\" srcset=\"https:\/\/icarosantos.com\/wp-content\/uploads\/2025\/05\/Responsivo-1024x683-1.png 1024w, https:\/\/icarosantos.com\/wp-content\/uploads\/2025\/05\/Responsivo-1024x683-1-300x200.png 300w, https:\/\/icarosantos.com\/wp-content\/uploads\/2025\/05\/Responsivo-1024x683-1-768x512.png 768w\" sizes=\"auto, (max-width: 1024px) 100vw, 1024px\" \/><\/figure>\n<\/div>\n<\/div>\n<\/div>\n\n\n\n<div class=\"wp-block-group alignwide has-global-padding is-content-justification-right is-layout-constrained wp-container-core-group-is-layout-f1f2ed93 wp-block-group-is-layout-constrained\"><\/div>","protected":false},"excerpt":{"rendered":"<p>ENGEEA \u2022 Web Design e SEO Uma cara nova para o site institucional da Engeea. Meu papel neste projeto foi desenhar e desenvolver um site com design moderno, responsivo e capaz de comunicar a especializa\u00e7\u00e3o t\u00e9cnica de forma acess\u00edvel e confi\u00e1vel. A Engeea \u00e9 uma empresa de engenharia el\u00e9trica com foco em automa\u00e7\u00e3o e manunten\u00e7\u00e3o [&hellip;]<\/p>","protected":false},"author":1,"featured_media":0,"parent":0,"menu_order":3,"comment_status":"closed","ping_status":"closed","template":"","meta":{"footnotes":""},"class_list":["post-80","page","type-page","status-publish","hentry"],"_links":{"self":[{"href":"https:\/\/icarosantos.com\/en\/wp-json\/wp\/v2\/pages\/80","targetHints":{"allow":["GET"]}}],"collection":[{"href":"https:\/\/icarosantos.com\/en\/wp-json\/wp\/v2\/pages"}],"about":[{"href":"https:\/\/icarosantos.com\/en\/wp-json\/wp\/v2\/types\/page"}],"author":[{"embeddable":true,"href":"https:\/\/icarosantos.com\/en\/wp-json\/wp\/v2\/users\/1"}],"replies":[{"embeddable":true,"href":"https:\/\/icarosantos.com\/en\/wp-json\/wp\/v2\/comments?post=80"}],"version-history":[{"count":15,"href":"https:\/\/icarosantos.com\/en\/wp-json\/wp\/v2\/pages\/80\/revisions"}],"predecessor-version":[{"id":342,"href":"https:\/\/icarosantos.com\/en\/wp-json\/wp\/v2\/pages\/80\/revisions\/342"}],"wp:attachment":[{"href":"https:\/\/icarosantos.com\/en\/wp-json\/wp\/v2\/media?parent=80"}],"curies":[{"name":"wp","href":"https:\/\/api.w.org\/{rel}","templated":true}]}}